{"id":18746,"date":"2019-07-19T15:07:43","date_gmt":"2020-02-05T15:46:23","guid":{"rendered":"https:\/\/yadaoui.com\/?post_type=product&#038;p=18746"},"modified":"2020-05-20T23:22:11","modified_gmt":"2020-05-20T22:22:11","slug":"poufs-in-gold-and-silver-colours","status":"publish","type":"product","link":"https:\/\/yadaoui.com\/en\/shop\/poufs-in-gold-and-silver-colours\/","title":{"rendered":"Poufs in gold and silver\u00a0 colours"},"content":{"rendered":"<p>A gorgeous pouf made of high quality skai (faux leather). Its satiny look will add beauty and glam to your living room. Handmade by Moroccan craftsmen in Marrakech. Equipped with a zipper under the footstool. Due to shipping costs and for the sake of practicality, poufs are delivered unstuffed. You can buy polystyrene beads or cotton filling locally.\u00a0<\/p>\n","protected":false},"excerpt":{"rendered":"<p>A stunning top design Moroccan pouf in silver or gold faux leather, for a sublime Moroccan touch in your home. You can use it as a stool or as a coffee table or to rest your feet. This nice piece of craft art will awesomely decorate your living room, for a modern and yet authentic atmosphere!<\/p>\n","protected":false},"featured_media":20849,"comment_status":"open","ping_status":"closed","template":"","meta":[],"product_brand":[],"product_cat":[93,109,110],"product_tag":[276,371,161,115],"class_list":{"0":"post-18746","1":"product","2":"type-product","3":"status-publish","4":"has-post-thumbnail","6":"product_cat-decoration","7":"product_cat-home","8":"product_cat-lather","9":"product_tag-artisanat-en","10":"product_tag-cuir","11":"product_tag-morocco","12":"product_tag-115","14":"first","15":"onbackorder","16":"featured","17":"shipping-taxable","18":"purchasable","19":"product-type-simple"},"pure_taxonomies":{"product_cat":[{"term_id":93,"name":"Decoration","slug":"decoration","term_group":0,"term_taxonomy_id":93,"taxonomy":"product_cat","description":"","parent":0,"count":33,"filter":"raw","image":""},{"term_id":109,"name":"Home","slug":"home","term_group":0,"term_taxonomy_id":109,"taxonomy":"product_cat","description":"","parent":0,"count":12,"filter":"raw","image":""},{"term_id":110,"name":"Leather goods","slug":"lather","term_group":0,"term_taxonomy_id":110,"taxonomy":"product_cat","description":"","parent":0,"count":51,"filter":"raw","image":""}],"product_tag":[{"term_id":276,"name":"artisanat","slug":"artisanat-en","term_group":0,"term_taxonomy_id":276,"taxonomy":"product_tag","description":"","parent":0,"count":97,"filter":"raw","image":""},{"term_id":371,"name":"Cuir","slug":"cuir","term_group":0,"term_taxonomy_id":371,"taxonomy":"product_tag","description":"","parent":0,"count":148,"filter":"raw","image":""},{"term_id":161,"name":"Morocco","slug":"morocco","term_group":0,"term_taxonomy_id":161,"taxonomy":"product_tag","description":"","parent":0,"count":46,"filter":"raw","image":""},{"term_id":115,"name":"\u0627\u0644\u0645\u063a\u0631\u0628","slug":"%d8%a7%d9%84%d9%85%d8%ba%d8%b1%d8%a8","term_group":0,"term_taxonomy_id":115,"taxonomy":"product_tag","description":"","parent":0,"count":59,"filter":"raw","image":""}]},"yoast_head":"<!-- This site is optimized with the Yoast SEO Premium plugin v20.10 (Yoast SEO v27.3) - https:\/\/yoast.com\/product\/yoast-seo-premium-wordpress\/ -->\n<title>Poufs in gold and silver\u00a0 colours &#8211; Yadaoui<\/title>\n<meta name=\"description\" content=\"Magnifique pouf argent\u00e9 ou dor\u00e9, pour une sublime touche de l&#039;artisanat Marocaine dans votre int\u00e9rieur. Vrai cuir doux Marocain de haute qualit\u00e9 parfaitement inodore\" \/>\n<meta name=\"robots\" content=\"index, follow, max-snippet:-1, max-image-preview:large, max-video-preview:-1\" \/>\n<link rel=\"canonical\" href=\"https:\/\/yadaoui.com\/en\/shop\/poufs-in-gold-and-silver-colours\/\" \/>\n<meta property=\"og:locale\" content=\"en_US\" \/>\n<meta property=\"og:type\" content=\"article\" \/>\n<meta property=\"og:title\" content=\"Poufs in gold and silver\u00a0 colours\" \/>\n<meta property=\"og:description\" content=\"Magnifique pouf argent\u00e9 ou dor\u00e9, pour une sublime touche de l&#039;artisanat Marocaine dans votre int\u00e9rieur. Vrai cuir doux Marocain de haute qualit\u00e9 parfaitement inodore\" \/>\n<meta property=\"og:url\" content=\"https:\/\/yadaoui.com\/en\/shop\/poufs-in-gold-and-silver-colours\/\" \/>\n<meta property=\"og:site_name\" content=\"Yadaoui\" \/>\n<meta property=\"article:publisher\" content=\"https:\/\/www.facebook.com\/Yadaoui1\" \/>\n<meta property=\"article:modified_time\" content=\"2020-05-20T22:22:11+00:00\" \/>\n<meta property=\"og:image\" content=\"https:\/\/yadaoui.com\/wp-content\/uploads\/2020\/03\/IMG-20190709-WA0046.jpg\" \/>\n\t<meta property=\"og:image:width\" content=\"900\" \/>\n\t<meta property=\"og:image:height\" content=\"936\" \/>\n\t<meta property=\"og:image:type\" content=\"image\/jpeg\" \/>\n<meta name=\"twitter:card\" content=\"summary_large_image\" \/>\n<meta name=\"twitter:site\" content=\"@Yadaoui1\" \/>\n<meta name=\"twitter:label1\" content=\"Price\" \/>\n\t<meta name=\"twitter:data1\" content=\"&#036;37.50\" \/>\n\t<meta name=\"twitter:label2\" content=\"Availability\" \/>\n\t<meta name=\"twitter:data2\" content=\"On backorder\" \/>\n<script type=\"application\/ld+json\" class=\"yoast-schema-graph\">{\"@context\":\"https:\\\/\\\/schema.org\",\"@graph\":[{\"@type\":\"WebPage\",\"@id\":\"https:\\\/\\\/yadaoui.com\\\/en\\\/shop\\\/poufs-in-gold-and-silver-colours\\\/\",\"url\":\"https:\\\/\\\/yadaoui.com\\\/en\\\/shop\\\/poufs-in-gold-and-silver-colours\\\/\",\"name\":\"Poufs in gold and silver\u00a0 colours &#8211; Yadaoui\",\"isPartOf\":{\"@id\":\"https:\\\/\\\/yadaoui.com\\\/en\\\/#website\"},\"primaryImageOfPage\":{\"@id\":\"https:\\\/\\\/yadaoui.com\\\/en\\\/shop\\\/poufs-in-gold-and-silver-colours\\\/#primaryimage\"},\"image\":{\"@id\":\"https:\\\/\\\/yadaoui.com\\\/en\\\/shop\\\/poufs-in-gold-and-silver-colours\\\/#primaryimage\"},\"thumbnailUrl\":\"https:\\\/\\\/yadaoui.com\\\/wp-content\\\/uploads\\\/2020\\\/03\\\/IMG-20190709-WA0046.jpg\",\"datePublished\":\"2020-02-05T15:46:23+00:00\",\"dateModified\":\"2020-05-20T22:22:11+00:00\",\"description\":\"Magnifique pouf argent\u00e9 ou dor\u00e9, pour une sublime touche de l'artisanat Marocaine dans votre int\u00e9rieur. Vrai cuir doux Marocain de haute qualit\u00e9 parfaitement inodore\",\"breadcrumb\":{\"@id\":\"https:\\\/\\\/yadaoui.com\\\/en\\\/shop\\\/poufs-in-gold-and-silver-colours\\\/#breadcrumb\"},\"inLanguage\":\"en-US\",\"potentialAction\":[{\"@type\":\"ReadAction\",\"target\":[\"https:\\\/\\\/yadaoui.com\\\/en\\\/shop\\\/poufs-in-gold-and-silver-colours\\\/\"]}]},{\"@type\":\"ImageObject\",\"inLanguage\":\"en-US\",\"@id\":\"https:\\\/\\\/yadaoui.com\\\/en\\\/shop\\\/poufs-in-gold-and-silver-colours\\\/#primaryimage\",\"url\":\"https:\\\/\\\/yadaoui.com\\\/wp-content\\\/uploads\\\/2020\\\/03\\\/IMG-20190709-WA0046.jpg\",\"contentUrl\":\"https:\\\/\\\/yadaoui.com\\\/wp-content\\\/uploads\\\/2020\\\/03\\\/IMG-20190709-WA0046.jpg\",\"width\":900,\"height\":936},{\"@type\":\"BreadcrumbList\",\"@id\":\"https:\\\/\\\/yadaoui.com\\\/en\\\/shop\\\/poufs-in-gold-and-silver-colours\\\/#breadcrumb\",\"itemListElement\":[{\"@type\":\"ListItem\",\"position\":1,\"name\":\"Home\",\"item\":\"https:\\\/\\\/yadaoui.com\\\/en\\\/\"},{\"@type\":\"ListItem\",\"position\":2,\"name\":\"Boutique\",\"item\":\"https:\\\/\\\/yadaoui.com\\\/\"},{\"@type\":\"ListItem\",\"position\":3,\"name\":\"Poufs in gold and silver\u00a0 colours\"}]},{\"@type\":\"WebSite\",\"@id\":\"https:\\\/\\\/yadaoui.com\\\/en\\\/#website\",\"url\":\"https:\\\/\\\/yadaoui.com\\\/en\\\/\",\"name\":\"Yadaoui\",\"description\":\"The Craft of the World in your hand\",\"publisher\":{\"@id\":\"https:\\\/\\\/yadaoui.com\\\/en\\\/#organization\"},\"alternateName\":\"yadaoui\",\"potentialAction\":[{\"@type\":\"SearchAction\",\"target\":{\"@type\":\"EntryPoint\",\"urlTemplate\":\"https:\\\/\\\/yadaoui.com\\\/en\\\/?s={search_term_string}\"},\"query-input\":{\"@type\":\"PropertyValueSpecification\",\"valueRequired\":true,\"valueName\":\"search_term_string\"}}],\"inLanguage\":\"en-US\"},{\"@type\":\"Organization\",\"@id\":\"https:\\\/\\\/yadaoui.com\\\/en\\\/#organization\",\"name\":\"Yadaoui\",\"url\":\"https:\\\/\\\/yadaoui.com\\\/en\\\/\",\"logo\":{\"@type\":\"ImageObject\",\"inLanguage\":\"en-US\",\"@id\":\"https:\\\/\\\/yadaoui.com\\\/en\\\/#\\\/schema\\\/logo\\\/image\\\/\",\"url\":\"https:\\\/\\\/yadaoui.com\\\/wp-content\\\/uploads\\\/2020\\\/01\\\/YADAOUI-3-e1558700766692.png\",\"contentUrl\":\"https:\\\/\\\/yadaoui.com\\\/wp-content\\\/uploads\\\/2020\\\/01\\\/YADAOUI-3-e1558700766692.png\",\"width\":166,\"height\":43,\"caption\":\"Yadaoui\"},\"image\":{\"@id\":\"https:\\\/\\\/yadaoui.com\\\/en\\\/#\\\/schema\\\/logo\\\/image\\\/\"},\"sameAs\":[\"https:\\\/\\\/www.facebook.com\\\/Yadaoui1\",\"https:\\\/\\\/x.com\\\/Yadaoui1\",\"https:\\\/\\\/www.instagram.com\\\/yadaoui_official\\\/\",\"https:\\\/\\\/www.youtube.com\\\/channel\\\/UCWPcPmNuZp8F4hepKP1JYEA\"]}]}<\/script>\n<meta property=\"product:brand\" content=\"artisanat\" \/>\n<meta property=\"product:price:amount\" content=\"37.50\" \/>\n<meta property=\"product:price:currency\" content=\"USD\" \/>\n<meta property=\"og:availability\" content=\"backorder\" \/>\n<meta property=\"product:availability\" content=\"available for order\" \/>\n<meta property=\"product:retailer_item_id\" content=\"Ibdaat_4\" \/>\n<meta property=\"product:condition\" content=\"new\" \/>\n<!-- \/ Yoast SEO Premium plugin. -->","yoast_head_json":{"title":"Poufs in gold and silver\u00a0 colours &#8211; Yadaoui","description":"Magnifique pouf argent\u00e9 ou dor\u00e9, pour une sublime touche de l'artisanat Marocaine dans votre int\u00e9rieur. Vrai cuir doux Marocain de haute qualit\u00e9 parfaitement inodore","robots":{"index":"index","follow":"follow","max-snippet":"max-snippet:-1","max-image-preview":"max-image-preview:large","max-video-preview":"max-video-preview:-1"},"canonical":"https:\/\/yadaoui.com\/en\/shop\/poufs-in-gold-and-silver-colours\/","og_locale":"en_US","og_type":"article","og_title":"Poufs in gold and silver\u00a0 colours","og_description":"Magnifique pouf argent\u00e9 ou dor\u00e9, pour une sublime touche de l'artisanat Marocaine dans votre int\u00e9rieur. Vrai cuir doux Marocain de haute qualit\u00e9 parfaitement inodore","og_url":"https:\/\/yadaoui.com\/en\/shop\/poufs-in-gold-and-silver-colours\/","og_site_name":"Yadaoui","article_publisher":"https:\/\/www.facebook.com\/Yadaoui1","article_modified_time":"2020-05-20T22:22:11+00:00","og_image":[{"width":900,"height":936,"url":"https:\/\/yadaoui.com\/wp-content\/uploads\/2020\/03\/IMG-20190709-WA0046.jpg","type":"image\/jpeg"}],"twitter_card":"summary_large_image","twitter_site":"@Yadaoui1","twitter_misc":{"Price":"&#36;37.50","Availability":"On backorder"},"schema":{"@context":"https:\/\/schema.org","@graph":[{"@type":"WebPage","@id":"https:\/\/yadaoui.com\/en\/shop\/poufs-in-gold-and-silver-colours\/","url":"https:\/\/yadaoui.com\/en\/shop\/poufs-in-gold-and-silver-colours\/","name":"Poufs in gold and silver\u00a0 colours &#8211; Yadaoui","isPartOf":{"@id":"https:\/\/yadaoui.com\/en\/#website"},"primaryImageOfPage":{"@id":"https:\/\/yadaoui.com\/en\/shop\/poufs-in-gold-and-silver-colours\/#primaryimage"},"image":{"@id":"https:\/\/yadaoui.com\/en\/shop\/poufs-in-gold-and-silver-colours\/#primaryimage"},"thumbnailUrl":"https:\/\/yadaoui.com\/wp-content\/uploads\/2020\/03\/IMG-20190709-WA0046.jpg","datePublished":"2020-02-05T15:46:23+00:00","dateModified":"2020-05-20T22:22:11+00:00","description":"Magnifique pouf argent\u00e9 ou dor\u00e9, pour une sublime touche de l'artisanat Marocaine dans votre int\u00e9rieur. Vrai cuir doux Marocain de haute qualit\u00e9 parfaitement inodore","breadcrumb":{"@id":"https:\/\/yadaoui.com\/en\/shop\/poufs-in-gold-and-silver-colours\/#breadcrumb"},"inLanguage":"en-US","potentialAction":[{"@type":"ReadAction","target":["https:\/\/yadaoui.com\/en\/shop\/poufs-in-gold-and-silver-colours\/"]}]},{"@type":"ImageObject","inLanguage":"en-US","@id":"https:\/\/yadaoui.com\/en\/shop\/poufs-in-gold-and-silver-colours\/#primaryimage","url":"https:\/\/yadaoui.com\/wp-content\/uploads\/2020\/03\/IMG-20190709-WA0046.jpg","contentUrl":"https:\/\/yadaoui.com\/wp-content\/uploads\/2020\/03\/IMG-20190709-WA0046.jpg","width":900,"height":936},{"@type":"BreadcrumbList","@id":"https:\/\/yadaoui.com\/en\/shop\/poufs-in-gold-and-silver-colours\/#breadcrumb","itemListElement":[{"@type":"ListItem","position":1,"name":"Home","item":"https:\/\/yadaoui.com\/en\/"},{"@type":"ListItem","position":2,"name":"Boutique","item":"https:\/\/yadaoui.com\/"},{"@type":"ListItem","position":3,"name":"Poufs in gold and silver\u00a0 colours"}]},{"@type":"WebSite","@id":"https:\/\/yadaoui.com\/en\/#website","url":"https:\/\/yadaoui.com\/en\/","name":"Yadaoui","description":"The Craft of the World in your hand","publisher":{"@id":"https:\/\/yadaoui.com\/en\/#organization"},"alternateName":"yadaoui","potentialAction":[{"@type":"SearchAction","target":{"@type":"EntryPoint","urlTemplate":"https:\/\/yadaoui.com\/en\/?s={search_term_string}"},"query-input":{"@type":"PropertyValueSpecification","valueRequired":true,"valueName":"search_term_string"}}],"inLanguage":"en-US"},{"@type":"Organization","@id":"https:\/\/yadaoui.com\/en\/#organization","name":"Yadaoui","url":"https:\/\/yadaoui.com\/en\/","logo":{"@type":"ImageObject","inLanguage":"en-US","@id":"https:\/\/yadaoui.com\/en\/#\/schema\/logo\/image\/","url":"https:\/\/yadaoui.com\/wp-content\/uploads\/2020\/01\/YADAOUI-3-e1558700766692.png","contentUrl":"https:\/\/yadaoui.com\/wp-content\/uploads\/2020\/01\/YADAOUI-3-e1558700766692.png","width":166,"height":43,"caption":"Yadaoui"},"image":{"@id":"https:\/\/yadaoui.com\/en\/#\/schema\/logo\/image\/"},"sameAs":["https:\/\/www.facebook.com\/Yadaoui1","https:\/\/x.com\/Yadaoui1","https:\/\/www.instagram.com\/yadaoui_official\/","https:\/\/www.youtube.com\/channel\/UCWPcPmNuZp8F4hepKP1JYEA"]}]},"product_brand":"artisanat","product_price_amount":"37.50","product_price_currency":"USD","og_availability":"backorder","product_availability":"available for order","product_retailer_item_id":"Ibdaat_4","product_condition":"new"},"_links":{"self":[{"href":"https:\/\/yadaoui.com\/en\/wp-json\/wp\/v2\/product\/18746","targetHints":{"allow":["GET"]}}],"collection":[{"href":"https:\/\/yadaoui.com\/en\/wp-json\/wp\/v2\/product"}],"about":[{"href":"https:\/\/yadaoui.com\/en\/wp-json\/wp\/v2\/types\/product"}],"replies":[{"embeddable":true,"href":"https:\/\/yadaoui.com\/en\/wp-json\/wp\/v2\/comments?post=18746"}],"wp:featuredmedia":[{"embeddable":true,"href":"https:\/\/yadaoui.com\/en\/wp-json\/wp\/v2\/media\/20849"}],"wp:attachment":[{"href":"https:\/\/yadaoui.com\/en\/wp-json\/wp\/v2\/media?parent=18746"}],"wp:term":[{"taxonomy":"product_brand","embeddable":true,"href":"https:\/\/yadaoui.com\/en\/wp-json\/wp\/v2\/product_brand?post=18746"},{"taxonomy":"product_cat","embeddable":true,"href":"https:\/\/yadaoui.com\/en\/wp-json\/wp\/v2\/product_cat?post=18746"},{"taxonomy":"product_tag","embeddable":true,"href":"https:\/\/yadaoui.com\/en\/wp-json\/wp\/v2\/product_tag?post=18746"}],"curies":[{"name":"wp","href":"https:\/\/api.w.org\/{rel}","templated":true}]}}