{"id":18740,"date":"2019-07-19T13:47:23","date_gmt":"2020-02-05T15:12:29","guid":{"rendered":"https:\/\/yadaoui.com\/?post_type=product&#038;p=18740"},"modified":"2022-06-23T06:03:38","modified_gmt":"2022-06-23T06:03:38","slug":"poufs-artisanals","status":"publish","type":"product","link":"https:\/\/yadaoui.com\/en\/shop\/poufs-artisanals\/","title":{"rendered":"Handmade floor poufs"},"content":{"rendered":"<p>The tradition of making leather floor poufs or ottomans is one of Morocco\u2019s sources of pride. Whether they come in solid colors or embellished with Berber motifs, leather poufs are a must-have in Moroccan living rooms. Leather tanning meets today&#8217;s requirements by eliminating any odour thanks to a process using natural products. Filling tip: for optimal comfort, fill with polystyrene balls.\u00a0\u00a0<\/p>\n","protected":false},"excerpt":{"rendered":"<p>Leather poufs handmade by Marrakchi talented craftsmen, following Moroccan ancestral leather craft industry techniques. Used ideally as an extra seat or as a stool adding a nice and elegant touch to your interior.<\/p>\n","protected":false},"featured_media":20861,"comment_status":"open","ping_status":"closed","template":"","meta":[],"product_brand":[],"product_cat":[93,109,110],"product_tag":[840,161,644],"class_list":{"0":"post-18740","1":"product","2":"type-product","3":"status-publish","4":"has-post-thumbnail","6":"product_cat-decoration","7":"product_cat-home","8":"product_cat-lather","9":"product_tag-leather-en-2","10":"product_tag-morocco","11":"product_tag-poufs-en","13":"first","14":"onbackorder","15":"sale","16":"featured","17":"shipping-taxable","18":"purchasable","19":"product-type-simple"},"yoast_head":"<!-- This site is optimized with the Yoast SEO Premium plugin v20.10 (Yoast SEO v25.6) - https:\/\/yoast.com\/wordpress\/plugins\/seo\/ -->\n<title>Handmade floor poufs &#8211; Yadaoui<\/title>\n<meta name=\"description\" content=\"Poufs en cuir fabriqu\u00e9s \u00e0 la main par les talentueux artisans de Marrakech, selon les techniques ancestrales de la maroquinerie artisanale marocaine. Id\u00e9al pour un si\u00e8ge suppl\u00e9mentaire ou comme un tabouret qui donne une touche tr\u00e8s \u00e9l\u00e9gante \u00e0 votre int\u00e9rieur.\" \/>\n<meta name=\"robots\" content=\"index, follow, max-snippet:-1, max-image-preview:large, max-video-preview:-1\" \/>\n<link rel=\"canonical\" href=\"https:\/\/yadaoui.com\/en\/shop\/poufs-artisanals\/\" \/>\n<meta property=\"og:locale\" content=\"en_US\" \/>\n<meta property=\"og:type\" content=\"article\" \/>\n<meta property=\"og:title\" content=\"Handmade floor poufs\" \/>\n<meta property=\"og:description\" content=\"Poufs en cuir fabriqu\u00e9s \u00e0 la main par les talentueux artisans de Marrakech, selon les techniques ancestrales de la maroquinerie artisanale marocaine. Id\u00e9al pour un si\u00e8ge suppl\u00e9mentaire ou comme un tabouret qui donne une touche tr\u00e8s \u00e9l\u00e9gante \u00e0 votre int\u00e9rieur.\" \/>\n<meta property=\"og:url\" content=\"https:\/\/yadaoui.com\/en\/shop\/poufs-artisanals\/\" \/>\n<meta property=\"og:site_name\" content=\"Yadaoui\" \/>\n<meta property=\"article:publisher\" content=\"https:\/\/www.facebook.com\/Yadaoui1\" \/>\n<meta property=\"article:modified_time\" content=\"2022-06-23T06:03:38+00:00\" \/>\n<meta property=\"og:image\" content=\"https:\/\/yadaoui.com\/wp-content\/uploads\/2020\/03\/IMG-20190708-WA0101.jpg\" \/>\n\t<meta property=\"og:image:width\" content=\"940\" \/>\n\t<meta property=\"og:image:height\" content=\"934\" \/>\n\t<meta property=\"og:image:type\" content=\"image\/jpeg\" \/>\n<meta name=\"twitter:card\" content=\"summary_large_image\" \/>\n<meta name=\"twitter:site\" content=\"@Yadaoui1\" \/>\n<meta name=\"twitter:label1\" content=\"Price\" \/>\n\t<meta name=\"twitter:data1\" content=\"&#036;55.00\" \/>\n\t<meta name=\"twitter:label2\" content=\"Availability\" \/>\n\t<meta name=\"twitter:data2\" content=\"On backorder\" \/>\n<script type=\"application\/ld+json\" class=\"yoast-schema-graph\">{\"@context\":\"https:\/\/schema.org\",\"@graph\":[{\"@type\":\"WebPage\",\"@id\":\"https:\/\/yadaoui.com\/en\/shop\/poufs-artisanals\/\",\"url\":\"https:\/\/yadaoui.com\/en\/shop\/poufs-artisanals\/\",\"name\":\"Handmade floor poufs &#8211; Yadaoui\",\"isPartOf\":{\"@id\":\"https:\/\/yadaoui.com\/en\/#website\"},\"primaryImageOfPage\":{\"@id\":\"https:\/\/yadaoui.com\/en\/shop\/poufs-artisanals\/#primaryimage\"},\"image\":{\"@id\":\"https:\/\/yadaoui.com\/en\/shop\/poufs-artisanals\/#primaryimage\"},\"thumbnailUrl\":\"https:\/\/yadaoui.com\/wp-content\/uploads\/2020\/03\/IMG-20190708-WA0101.jpg\",\"datePublished\":\"2020-02-05T15:12:29+00:00\",\"dateModified\":\"2022-06-23T06:03:38+00:00\",\"description\":\"Poufs en cuir fabriqu\u00e9s \u00e0 la main par les talentueux artisans de Marrakech, selon les techniques ancestrales de la maroquinerie artisanale marocaine. Id\u00e9al pour un si\u00e8ge suppl\u00e9mentaire ou comme un tabouret qui donne une touche tr\u00e8s \u00e9l\u00e9gante \u00e0 votre int\u00e9rieur.\",\"breadcrumb\":{\"@id\":\"https:\/\/yadaoui.com\/en\/shop\/poufs-artisanals\/#breadcrumb\"},\"inLanguage\":\"en-US\",\"potentialAction\":[{\"@type\":\"ReadAction\",\"target\":[\"https:\/\/yadaoui.com\/en\/shop\/poufs-artisanals\/\"]}]},{\"@type\":\"ImageObject\",\"inLanguage\":\"en-US\",\"@id\":\"https:\/\/yadaoui.com\/en\/shop\/poufs-artisanals\/#primaryimage\",\"url\":\"https:\/\/yadaoui.com\/wp-content\/uploads\/2020\/03\/IMG-20190708-WA0101.jpg\",\"contentUrl\":\"https:\/\/yadaoui.com\/wp-content\/uploads\/2020\/03\/IMG-20190708-WA0101.jpg\",\"width\":940,\"height\":934},{\"@type\":\"BreadcrumbList\",\"@id\":\"https:\/\/yadaoui.com\/en\/shop\/poufs-artisanals\/#breadcrumb\",\"itemListElement\":[{\"@type\":\"ListItem\",\"position\":1,\"name\":\"Home\",\"item\":\"https:\/\/yadaoui.com\/en\/\"},{\"@type\":\"ListItem\",\"position\":2,\"name\":\"Boutique\",\"item\":\"https:\/\/yadaoui.com\/\"},{\"@type\":\"ListItem\",\"position\":3,\"name\":\"Handmade floor poufs\"}]},{\"@type\":\"WebSite\",\"@id\":\"https:\/\/yadaoui.com\/en\/#website\",\"url\":\"https:\/\/yadaoui.com\/en\/\",\"name\":\"Yadaoui\",\"description\":\"The Craft of the World in your hand\",\"publisher\":{\"@id\":\"https:\/\/yadaoui.com\/en\/#organization\"},\"alternateName\":\"yadaoui\",\"potentialAction\":[{\"@type\":\"SearchAction\",\"target\":{\"@type\":\"EntryPoint\",\"urlTemplate\":\"https:\/\/yadaoui.com\/en\/?s={search_term_string}\"},\"query-input\":{\"@type\":\"PropertyValueSpecification\",\"valueRequired\":true,\"valueName\":\"search_term_string\"}}],\"inLanguage\":\"en-US\"},{\"@type\":\"Organization\",\"@id\":\"https:\/\/yadaoui.com\/en\/#organization\",\"name\":\"Yadaoui\",\"url\":\"https:\/\/yadaoui.com\/en\/\",\"logo\":{\"@type\":\"ImageObject\",\"inLanguage\":\"en-US\",\"@id\":\"https:\/\/yadaoui.com\/en\/#\/schema\/logo\/image\/\",\"url\":\"https:\/\/yadaoui.com\/wp-content\/uploads\/2020\/01\/YADAOUI-3-e1558700766692.png\",\"contentUrl\":\"https:\/\/yadaoui.com\/wp-content\/uploads\/2020\/01\/YADAOUI-3-e1558700766692.png\",\"width\":166,\"height\":43,\"caption\":\"Yadaoui\"},\"image\":{\"@id\":\"https:\/\/yadaoui.com\/en\/#\/schema\/logo\/image\/\"},\"sameAs\":[\"https:\/\/www.facebook.com\/Yadaoui1\",\"https:\/\/x.com\/Yadaoui1\",\"https:\/\/www.instagram.com\/yadaoui_official\/\",\"https:\/\/www.youtube.com\/channel\/UCWPcPmNuZp8F4hepKP1JYEA\"]}]}<\/script>\n<meta property=\"product:brand\" content=\"Leather\" \/>\n<meta property=\"product:price:amount\" content=\"55.00\" \/>\n<meta property=\"product:price:currency\" content=\"USD\" \/>\n<meta property=\"og:availability\" content=\"backorder\" \/>\n<meta property=\"product:availability\" content=\"available for order\" \/>\n<meta property=\"product:retailer_item_id\" content=\"Ibdaat_5\" \/>\n<meta property=\"product:condition\" content=\"new\" \/>\n<!-- \/ Yoast SEO Premium plugin. -->","yoast_head_json":{"title":"Handmade floor poufs &#8211; Yadaoui","description":"Poufs en cuir fabriqu\u00e9s \u00e0 la main par les talentueux artisans de Marrakech, selon les techniques ancestrales de la maroquinerie artisanale marocaine. Id\u00e9al pour un si\u00e8ge suppl\u00e9mentaire ou comme un tabouret qui donne une touche tr\u00e8s \u00e9l\u00e9gante \u00e0 votre int\u00e9rieur.","robots":{"index":"index","follow":"follow","max-snippet":"max-snippet:-1","max-image-preview":"max-image-preview:large","max-video-preview":"max-video-preview:-1"},"canonical":"https:\/\/yadaoui.com\/en\/shop\/poufs-artisanals\/","og_locale":"en_US","og_type":"article","og_title":"Handmade floor poufs","og_description":"Poufs en cuir fabriqu\u00e9s \u00e0 la main par les talentueux artisans de Marrakech, selon les techniques ancestrales de la maroquinerie artisanale marocaine. Id\u00e9al pour un si\u00e8ge suppl\u00e9mentaire ou comme un tabouret qui donne une touche tr\u00e8s \u00e9l\u00e9gante \u00e0 votre int\u00e9rieur.","og_url":"https:\/\/yadaoui.com\/en\/shop\/poufs-artisanals\/","og_site_name":"Yadaoui","article_publisher":"https:\/\/www.facebook.com\/Yadaoui1","article_modified_time":"2022-06-23T06:03:38+00:00","og_image":[{"width":940,"height":934,"url":"https:\/\/yadaoui.com\/wp-content\/uploads\/2020\/03\/IMG-20190708-WA0101.jpg","type":"image\/jpeg"}],"twitter_card":"summary_large_image","twitter_site":"@Yadaoui1","twitter_misc":{"Price":"&#36;55.00","Availability":"On backorder"},"schema":{"@context":"https:\/\/schema.org","@graph":[{"@type":"WebPage","@id":"https:\/\/yadaoui.com\/en\/shop\/poufs-artisanals\/","url":"https:\/\/yadaoui.com\/en\/shop\/poufs-artisanals\/","name":"Handmade floor poufs &#8211; Yadaoui","isPartOf":{"@id":"https:\/\/yadaoui.com\/en\/#website"},"primaryImageOfPage":{"@id":"https:\/\/yadaoui.com\/en\/shop\/poufs-artisanals\/#primaryimage"},"image":{"@id":"https:\/\/yadaoui.com\/en\/shop\/poufs-artisanals\/#primaryimage"},"thumbnailUrl":"https:\/\/yadaoui.com\/wp-content\/uploads\/2020\/03\/IMG-20190708-WA0101.jpg","datePublished":"2020-02-05T15:12:29+00:00","dateModified":"2022-06-23T06:03:38+00:00","description":"Poufs en cuir fabriqu\u00e9s \u00e0 la main par les talentueux artisans de Marrakech, selon les techniques ancestrales de la maroquinerie artisanale marocaine. Id\u00e9al pour un si\u00e8ge suppl\u00e9mentaire ou comme un tabouret qui donne une touche tr\u00e8s \u00e9l\u00e9gante \u00e0 votre int\u00e9rieur.","breadcrumb":{"@id":"https:\/\/yadaoui.com\/en\/shop\/poufs-artisanals\/#breadcrumb"},"inLanguage":"en-US","potentialAction":[{"@type":"ReadAction","target":["https:\/\/yadaoui.com\/en\/shop\/poufs-artisanals\/"]}]},{"@type":"ImageObject","inLanguage":"en-US","@id":"https:\/\/yadaoui.com\/en\/shop\/poufs-artisanals\/#primaryimage","url":"https:\/\/yadaoui.com\/wp-content\/uploads\/2020\/03\/IMG-20190708-WA0101.jpg","contentUrl":"https:\/\/yadaoui.com\/wp-content\/uploads\/2020\/03\/IMG-20190708-WA0101.jpg","width":940,"height":934},{"@type":"BreadcrumbList","@id":"https:\/\/yadaoui.com\/en\/shop\/poufs-artisanals\/#breadcrumb","itemListElement":[{"@type":"ListItem","position":1,"name":"Home","item":"https:\/\/yadaoui.com\/en\/"},{"@type":"ListItem","position":2,"name":"Boutique","item":"https:\/\/yadaoui.com\/"},{"@type":"ListItem","position":3,"name":"Handmade floor poufs"}]},{"@type":"WebSite","@id":"https:\/\/yadaoui.com\/en\/#website","url":"https:\/\/yadaoui.com\/en\/","name":"Yadaoui","description":"The Craft of the World in your hand","publisher":{"@id":"https:\/\/yadaoui.com\/en\/#organization"},"alternateName":"yadaoui","potentialAction":[{"@type":"SearchAction","target":{"@type":"EntryPoint","urlTemplate":"https:\/\/yadaoui.com\/en\/?s={search_term_string}"},"query-input":{"@type":"PropertyValueSpecification","valueRequired":true,"valueName":"search_term_string"}}],"inLanguage":"en-US"},{"@type":"Organization","@id":"https:\/\/yadaoui.com\/en\/#organization","name":"Yadaoui","url":"https:\/\/yadaoui.com\/en\/","logo":{"@type":"ImageObject","inLanguage":"en-US","@id":"https:\/\/yadaoui.com\/en\/#\/schema\/logo\/image\/","url":"https:\/\/yadaoui.com\/wp-content\/uploads\/2020\/01\/YADAOUI-3-e1558700766692.png","contentUrl":"https:\/\/yadaoui.com\/wp-content\/uploads\/2020\/01\/YADAOUI-3-e1558700766692.png","width":166,"height":43,"caption":"Yadaoui"},"image":{"@id":"https:\/\/yadaoui.com\/en\/#\/schema\/logo\/image\/"},"sameAs":["https:\/\/www.facebook.com\/Yadaoui1","https:\/\/x.com\/Yadaoui1","https:\/\/www.instagram.com\/yadaoui_official\/","https:\/\/www.youtube.com\/channel\/UCWPcPmNuZp8F4hepKP1JYEA"]}]},"product_brand":"Leather","product_price_amount":"55.00","product_price_currency":"USD","og_availability":"backorder","product_availability":"available for order","product_retailer_item_id":"Ibdaat_5","product_condition":"new"},"_links":{"self":[{"href":"https:\/\/yadaoui.com\/en\/wp-json\/wp\/v2\/product\/18740","targetHints":{"allow":["GET"]}}],"collection":[{"href":"https:\/\/yadaoui.com\/en\/wp-json\/wp\/v2\/product"}],"about":[{"href":"https:\/\/yadaoui.com\/en\/wp-json\/wp\/v2\/types\/product"}],"replies":[{"embeddable":true,"href":"https:\/\/yadaoui.com\/en\/wp-json\/wp\/v2\/comments?post=18740"}],"wp:featuredmedia":[{"embeddable":true,"href":"https:\/\/yadaoui.com\/en\/wp-json\/wp\/v2\/media\/20861"}],"wp:attachment":[{"href":"https:\/\/yadaoui.com\/en\/wp-json\/wp\/v2\/media?parent=18740"}],"wp:term":[{"taxonomy":"product_brand","embeddable":true,"href":"https:\/\/yadaoui.com\/en\/wp-json\/wp\/v2\/product_brand?post=18740"},{"taxonomy":"product_cat","embeddable":true,"href":"https:\/\/yadaoui.com\/en\/wp-json\/wp\/v2\/product_cat?post=18740"},{"taxonomy":"product_tag","embeddable":true,"href":"https:\/\/yadaoui.com\/en\/wp-json\/wp\/v2\/product_tag?post=18740"}],"curies":[{"name":"wp","href":"https:\/\/api.w.org\/{rel}","templated":true}]}}