{"id":15800,"date":"2019-12-12T15:39:47","date_gmt":"2019-12-21T18:44:18","guid":{"rendered":"https:\/\/yadaoui.com\/?post_type=product&#038;p=15800"},"modified":"2025-02-14T11:42:40","modified_gmt":"2025-02-14T11:42:40","slug":"petite-voiture-en-bois","status":"publish","type":"product","link":"https:\/\/yadaoui.com\/en\/shop\/petite-voiture-en-bois\/","title":{"rendered":"Small car in Wood"},"content":{"rendered":"<p>These clean creations are made of solid wood with several species that can vary: Cashew wood, Red Wood, Beech, Oak, Walnut, Merisier and Cedar&#8230; selected woods for their appearance and softness without the need to apply dyes.<\/p>\n<p>These are creations that bring enormous joy to collectors of miniature cars and allow them to live their passion to the full while amazing friends and loved ones and finding something to be proud of in encounters between amateurs!\u00a0<\/p>\n<p>Because of the pleasure that these small cars bring to adults especially collectors, they are a delightful birthday gift, sustainable, ecological and of course respectful of the health of children and the environment, it will become Surely one of your child&#8217;s favourite toys that will help develop creativity and creativity; it will stimulate your child&#8217;s imagination during these moments of fun (for the older ones) and it will also stimulate the desire to walk the little ones&#8230;<\/p>\n<p>These are unique pieces, made with care. Toys or collectibles or decorative objects, they are to be passed down from generation to generation like family treasures!<\/p>\n","protected":false},"excerpt":{"rendered":"<p>Beautiful miniature car &#8220;Jeep&#8221; in solid wood on wheels, timeless with contemporary design, handcrafted by a professional and passionate about wooden stogin in the city of Ouazzane in Morocco. It is ideal for collectors and enthusiasts of certain models of vehicles, as it will find its place perfectly in your child&#8217;s room as an ecological toy that will bring a broad smile to the face! and thanks to its beautiful design, it is not only a beautiful toy, but also a refined decorative object!<\/p>\n","protected":false},"featured_media":15018,"comment_status":"open","ping_status":"closed","template":"","meta":[],"product_brand":[],"product_cat":[103,93,109,107],"product_tag":[276,1480,1336,1000,643,1368,161,1233,1256,1394,1314],"class_list":{"0":"post-15800","1":"product","2":"type-product","3":"status-publish","4":"has-post-thumbnail","6":"product_cat-children","7":"product_cat-decoration","8":"product_cat-home","9":"product_cat-men","10":"product_tag-artisanat-en","11":"product_tag-car","12":"product_tag-collection-en","13":"product_tag-decoration-en","14":"product_tag-handmade-en","15":"product_tag-handmade-en-2","16":"product_tag-morocco","17":"product_tag-ouazzane-en","18":"product_tag-sculpture-en","19":"product_tag-toy","20":"product_tag-wood-en","22":"first","23":"onbackorder","24":"shipping-taxable","25":"purchasable","26":"product-type-simple"},"pure_taxonomies":{"product_cat":[{"term_id":103,"name":"Children","slug":"children","term_group":0,"term_taxonomy_id":103,"taxonomy":"product_cat","description":"","parent":0,"count":3,"filter":"raw","image":""},{"term_id":93,"name":"Decoration","slug":"decoration","term_group":0,"term_taxonomy_id":93,"taxonomy":"product_cat","description":"","parent":0,"count":33,"filter":"raw","image":""},{"term_id":109,"name":"Home","slug":"home","term_group":0,"term_taxonomy_id":109,"taxonomy":"product_cat","description":"","parent":0,"count":12,"filter":"raw","image":""},{"term_id":107,"name":"Men","slug":"men","term_group":0,"term_taxonomy_id":107,"taxonomy":"product_cat","description":"","parent":0,"count":22,"filter":"raw","image":""}],"product_tag":[{"term_id":276,"name":"artisanat","slug":"artisanat-en","term_group":0,"term_taxonomy_id":276,"taxonomy":"product_tag","description":"","parent":0,"count":97,"filter":"raw","image":""},{"term_id":1480,"name":"Car","slug":"car","term_group":0,"term_taxonomy_id":1480,"taxonomy":"product_tag","description":"","parent":0,"count":1,"filter":"raw","image":""},{"term_id":1336,"name":"collection","slug":"collection-en","term_group":0,"term_taxonomy_id":1336,"taxonomy":"product_tag","description":"","parent":0,"count":1,"filter":"raw","image":""},{"term_id":1000,"name":"Decoration","slug":"decoration-en","term_group":0,"term_taxonomy_id":1000,"taxonomy":"product_tag","description":"","parent":0,"count":1,"filter":"raw","image":""},{"term_id":643,"name":"handmade","slug":"handmade-en","term_group":0,"term_taxonomy_id":643,"taxonomy":"product_tag","description":"","parent":0,"count":1,"filter":"raw","image":""},{"term_id":1368,"name":"handmade","slug":"handmade-en-2","term_group":0,"term_taxonomy_id":1368,"taxonomy":"product_tag","description":"","parent":0,"count":21,"filter":"raw","image":""},{"term_id":161,"name":"Morocco","slug":"morocco","term_group":0,"term_taxonomy_id":161,"taxonomy":"product_tag","description":"","parent":0,"count":46,"filter":"raw","image":""},{"term_id":1233,"name":"Ouazzane","slug":"ouazzane-en","term_group":0,"term_taxonomy_id":1233,"taxonomy":"product_tag","description":"","parent":0,"count":1,"filter":"raw","image":""},{"term_id":1256,"name":"Sculpture","slug":"sculpture-en","term_group":0,"term_taxonomy_id":1256,"taxonomy":"product_tag","description":"","parent":0,"count":1,"filter":"raw","image":""},{"term_id":1394,"name":"toy","slug":"toy","term_group":0,"term_taxonomy_id":1394,"taxonomy":"product_tag","description":"","parent":0,"count":1,"filter":"raw","image":""},{"term_id":1314,"name":"wood","slug":"wood-en","term_group":0,"term_taxonomy_id":1314,"taxonomy":"product_tag","description":"","parent":0,"count":1,"filter":"raw","image":""}]},"yoast_head":"<!-- This site is optimized with the Yoast SEO Premium plugin v20.10 (Yoast SEO v27.3) - https:\/\/yoast.com\/product\/yoast-seo-premium-wordpress\/ -->\n<title>Small car in Wood &#8211; Yadaoui<\/title>\n<meta name=\"description\" content=\"Magnifique voiture miniature en bois massif sur roues, intemporelle avec un design contemporain, fabriqu\u00e9e \u00e0 la main par un professionnel et passionn\u00e9 de la sculture sur bois \u00e0 la ville Ouazzane au Maroc. Elle convient id\u00e9alement aux collectionneurs et amateurs de certains mod\u00e8les de v\u00e9hicules, comme elle saura parfaitement trouver sa place dans la chambre de votre enfant en tant que jouet \u00e9cologique qui lui apportera un large sourire au visage! et gr\u00e2ce \u00e0 son joli design il constitue non seulement un beau jouet mais \u00e9galement un objet raffin\u00e9 de d\u00e9coration!\" \/>\n<meta name=\"robots\" content=\"index, follow, max-snippet:-1, max-image-preview:large, max-video-preview:-1\" \/>\n<link rel=\"canonical\" href=\"https:\/\/yadaoui.com\/en\/shop\/petite-voiture-en-bois\/\" \/>\n<meta property=\"og:locale\" content=\"en_US\" \/>\n<meta property=\"og:type\" content=\"article\" \/>\n<meta property=\"og:title\" content=\"Small car in Wood\" \/>\n<meta property=\"og:description\" content=\"Magnifique voiture miniature en bois massif sur roues, intemporelle avec un design contemporain, fabriqu\u00e9e \u00e0 la main par un professionnel et passionn\u00e9 de la sculture sur bois \u00e0 la ville Ouazzane au Maroc. Elle convient id\u00e9alement aux collectionneurs et amateurs de certains mod\u00e8les de v\u00e9hicules, comme elle saura parfaitement trouver sa place dans la chambre de votre enfant en tant que jouet \u00e9cologique qui lui apportera un large sourire au visage! et gr\u00e2ce \u00e0 son joli design il constitue non seulement un beau jouet mais \u00e9galement un objet raffin\u00e9 de d\u00e9coration!\" \/>\n<meta property=\"og:url\" content=\"https:\/\/yadaoui.com\/en\/shop\/petite-voiture-en-bois\/\" \/>\n<meta property=\"og:site_name\" content=\"Yadaoui\" \/>\n<meta property=\"article:publisher\" content=\"https:\/\/www.facebook.com\/Yadaoui1\" \/>\n<meta property=\"article:modified_time\" content=\"2025-02-14T11:42:40+00:00\" \/>\n<meta property=\"og:image\" content=\"https:\/\/yadaoui.com\/wp-content\/uploads\/2019\/12\/wood_creation3_001.jpg\" \/>\n\t<meta property=\"og:image:width\" content=\"1280\" \/>\n\t<meta property=\"og:image:height\" content=\"853\" \/>\n\t<meta property=\"og:image:type\" content=\"image\/jpeg\" \/>\n<meta name=\"twitter:card\" content=\"summary_large_image\" \/>\n<meta name=\"twitter:site\" content=\"@Yadaoui1\" \/>\n<meta name=\"twitter:label1\" content=\"Price\" \/>\n\t<meta name=\"twitter:data1\" content=\"&#036;112.50\" \/>\n\t<meta name=\"twitter:label2\" content=\"Availability\" \/>\n\t<meta name=\"twitter:data2\" content=\"On backorder\" \/>\n<script type=\"application\/ld+json\" class=\"yoast-schema-graph\">{\"@context\":\"https:\\\/\\\/schema.org\",\"@graph\":[{\"@type\":\"WebPage\",\"@id\":\"https:\\\/\\\/yadaoui.com\\\/en\\\/shop\\\/petite-voiture-en-bois\\\/\",\"url\":\"https:\\\/\\\/yadaoui.com\\\/en\\\/shop\\\/petite-voiture-en-bois\\\/\",\"name\":\"Small car in Wood &#8211; Yadaoui\",\"isPartOf\":{\"@id\":\"https:\\\/\\\/yadaoui.com\\\/en\\\/#website\"},\"primaryImageOfPage\":{\"@id\":\"https:\\\/\\\/yadaoui.com\\\/en\\\/shop\\\/petite-voiture-en-bois\\\/#primaryimage\"},\"image\":{\"@id\":\"https:\\\/\\\/yadaoui.com\\\/en\\\/shop\\\/petite-voiture-en-bois\\\/#primaryimage\"},\"thumbnailUrl\":\"https:\\\/\\\/yadaoui.com\\\/wp-content\\\/uploads\\\/2019\\\/12\\\/wood_creation3_001.jpg\",\"datePublished\":\"2019-12-21T18:44:18+00:00\",\"dateModified\":\"2025-02-14T11:42:40+00:00\",\"description\":\"Magnifique voiture miniature en bois massif sur roues, intemporelle avec un design contemporain, fabriqu\u00e9e \u00e0 la main par un professionnel et passionn\u00e9 de la sculture sur bois \u00e0 la ville Ouazzane au Maroc. Elle convient id\u00e9alement aux collectionneurs et amateurs de certains mod\u00e8les de v\u00e9hicules, comme elle saura parfaitement trouver sa place dans la chambre de votre enfant en tant que jouet \u00e9cologique qui lui apportera un large sourire au visage! et gr\u00e2ce \u00e0 son joli design il constitue non seulement un beau jouet mais \u00e9galement un objet raffin\u00e9 de d\u00e9coration!\",\"breadcrumb\":{\"@id\":\"https:\\\/\\\/yadaoui.com\\\/en\\\/shop\\\/petite-voiture-en-bois\\\/#breadcrumb\"},\"inLanguage\":\"en-US\",\"potentialAction\":[{\"@type\":\"ReadAction\",\"target\":[\"https:\\\/\\\/yadaoui.com\\\/en\\\/shop\\\/petite-voiture-en-bois\\\/\"]}]},{\"@type\":\"ImageObject\",\"inLanguage\":\"en-US\",\"@id\":\"https:\\\/\\\/yadaoui.com\\\/en\\\/shop\\\/petite-voiture-en-bois\\\/#primaryimage\",\"url\":\"https:\\\/\\\/yadaoui.com\\\/wp-content\\\/uploads\\\/2019\\\/12\\\/wood_creation3_001.jpg\",\"contentUrl\":\"https:\\\/\\\/yadaoui.com\\\/wp-content\\\/uploads\\\/2019\\\/12\\\/wood_creation3_001.jpg\",\"width\":1280,\"height\":853},{\"@type\":\"BreadcrumbList\",\"@id\":\"https:\\\/\\\/yadaoui.com\\\/en\\\/shop\\\/petite-voiture-en-bois\\\/#breadcrumb\",\"itemListElement\":[{\"@type\":\"ListItem\",\"position\":1,\"name\":\"Home\",\"item\":\"https:\\\/\\\/yadaoui.com\\\/en\\\/\"},{\"@type\":\"ListItem\",\"position\":2,\"name\":\"Boutique\",\"item\":\"https:\\\/\\\/yadaoui.com\\\/\"},{\"@type\":\"ListItem\",\"position\":3,\"name\":\"Small car in Wood\"}]},{\"@type\":\"WebSite\",\"@id\":\"https:\\\/\\\/yadaoui.com\\\/en\\\/#website\",\"url\":\"https:\\\/\\\/yadaoui.com\\\/en\\\/\",\"name\":\"Yadaoui\",\"description\":\"The Craft of the World in your hand\",\"publisher\":{\"@id\":\"https:\\\/\\\/yadaoui.com\\\/en\\\/#organization\"},\"alternateName\":\"yadaoui\",\"potentialAction\":[{\"@type\":\"SearchAction\",\"target\":{\"@type\":\"EntryPoint\",\"urlTemplate\":\"https:\\\/\\\/yadaoui.com\\\/en\\\/?s={search_term_string}\"},\"query-input\":{\"@type\":\"PropertyValueSpecification\",\"valueRequired\":true,\"valueName\":\"search_term_string\"}}],\"inLanguage\":\"en-US\"},{\"@type\":\"Organization\",\"@id\":\"https:\\\/\\\/yadaoui.com\\\/en\\\/#organization\",\"name\":\"Yadaoui\",\"url\":\"https:\\\/\\\/yadaoui.com\\\/en\\\/\",\"logo\":{\"@type\":\"ImageObject\",\"inLanguage\":\"en-US\",\"@id\":\"https:\\\/\\\/yadaoui.com\\\/en\\\/#\\\/schema\\\/logo\\\/image\\\/\",\"url\":\"https:\\\/\\\/yadaoui.com\\\/wp-content\\\/uploads\\\/2020\\\/01\\\/YADAOUI-3-e1558700766692.png\",\"contentUrl\":\"https:\\\/\\\/yadaoui.com\\\/wp-content\\\/uploads\\\/2020\\\/01\\\/YADAOUI-3-e1558700766692.png\",\"width\":166,\"height\":43,\"caption\":\"Yadaoui\"},\"image\":{\"@id\":\"https:\\\/\\\/yadaoui.com\\\/en\\\/#\\\/schema\\\/logo\\\/image\\\/\"},\"sameAs\":[\"https:\\\/\\\/www.facebook.com\\\/Yadaoui1\",\"https:\\\/\\\/x.com\\\/Yadaoui1\",\"https:\\\/\\\/www.instagram.com\\\/yadaoui_official\\\/\",\"https:\\\/\\\/www.youtube.com\\\/channel\\\/UCWPcPmNuZp8F4hepKP1JYEA\"]}]}<\/script>\n<meta property=\"product:brand\" content=\"artisanat\" \/>\n<meta property=\"product:price:amount\" content=\"112.50\" \/>\n<meta property=\"product:price:currency\" content=\"USD\" \/>\n<meta property=\"og:availability\" content=\"backorder\" \/>\n<meta property=\"product:availability\" content=\"available for order\" \/>\n<meta property=\"product:retailer_item_id\" content=\"Wood_creation_003\" \/>\n<meta property=\"product:condition\" content=\"new\" \/>\n<!-- \/ Yoast SEO Premium plugin. -->","yoast_head_json":{"title":"Small car in Wood &#8211; Yadaoui","description":"Magnifique voiture miniature en bois massif sur roues, intemporelle avec un design contemporain, fabriqu\u00e9e \u00e0 la main par un professionnel et passionn\u00e9 de la sculture sur bois \u00e0 la ville Ouazzane au Maroc. Elle convient id\u00e9alement aux collectionneurs et amateurs de certains mod\u00e8les de v\u00e9hicules, comme elle saura parfaitement trouver sa place dans la chambre de votre enfant en tant que jouet \u00e9cologique qui lui apportera un large sourire au visage! et gr\u00e2ce \u00e0 son joli design il constitue non seulement un beau jouet mais \u00e9galement un objet raffin\u00e9 de d\u00e9coration!","robots":{"index":"index","follow":"follow","max-snippet":"max-snippet:-1","max-image-preview":"max-image-preview:large","max-video-preview":"max-video-preview:-1"},"canonical":"https:\/\/yadaoui.com\/en\/shop\/petite-voiture-en-bois\/","og_locale":"en_US","og_type":"article","og_title":"Small car in Wood","og_description":"Magnifique voiture miniature en bois massif sur roues, intemporelle avec un design contemporain, fabriqu\u00e9e \u00e0 la main par un professionnel et passionn\u00e9 de la sculture sur bois \u00e0 la ville Ouazzane au Maroc. Elle convient id\u00e9alement aux collectionneurs et amateurs de certains mod\u00e8les de v\u00e9hicules, comme elle saura parfaitement trouver sa place dans la chambre de votre enfant en tant que jouet \u00e9cologique qui lui apportera un large sourire au visage! et gr\u00e2ce \u00e0 son joli design il constitue non seulement un beau jouet mais \u00e9galement un objet raffin\u00e9 de d\u00e9coration!","og_url":"https:\/\/yadaoui.com\/en\/shop\/petite-voiture-en-bois\/","og_site_name":"Yadaoui","article_publisher":"https:\/\/www.facebook.com\/Yadaoui1","article_modified_time":"2025-02-14T11:42:40+00:00","og_image":[{"width":1280,"height":853,"url":"https:\/\/yadaoui.com\/wp-content\/uploads\/2019\/12\/wood_creation3_001.jpg","type":"image\/jpeg"}],"twitter_card":"summary_large_image","twitter_site":"@Yadaoui1","twitter_misc":{"Price":"&#36;112.50","Availability":"On backorder"},"schema":{"@context":"https:\/\/schema.org","@graph":[{"@type":"WebPage","@id":"https:\/\/yadaoui.com\/en\/shop\/petite-voiture-en-bois\/","url":"https:\/\/yadaoui.com\/en\/shop\/petite-voiture-en-bois\/","name":"Small car in Wood &#8211; Yadaoui","isPartOf":{"@id":"https:\/\/yadaoui.com\/en\/#website"},"primaryImageOfPage":{"@id":"https:\/\/yadaoui.com\/en\/shop\/petite-voiture-en-bois\/#primaryimage"},"image":{"@id":"https:\/\/yadaoui.com\/en\/shop\/petite-voiture-en-bois\/#primaryimage"},"thumbnailUrl":"https:\/\/yadaoui.com\/wp-content\/uploads\/2019\/12\/wood_creation3_001.jpg","datePublished":"2019-12-21T18:44:18+00:00","dateModified":"2025-02-14T11:42:40+00:00","description":"Magnifique voiture miniature en bois massif sur roues, intemporelle avec un design contemporain, fabriqu\u00e9e \u00e0 la main par un professionnel et passionn\u00e9 de la sculture sur bois \u00e0 la ville Ouazzane au Maroc. Elle convient id\u00e9alement aux collectionneurs et amateurs de certains mod\u00e8les de v\u00e9hicules, comme elle saura parfaitement trouver sa place dans la chambre de votre enfant en tant que jouet \u00e9cologique qui lui apportera un large sourire au visage! et gr\u00e2ce \u00e0 son joli design il constitue non seulement un beau jouet mais \u00e9galement un objet raffin\u00e9 de d\u00e9coration!","breadcrumb":{"@id":"https:\/\/yadaoui.com\/en\/shop\/petite-voiture-en-bois\/#breadcrumb"},"inLanguage":"en-US","potentialAction":[{"@type":"ReadAction","target":["https:\/\/yadaoui.com\/en\/shop\/petite-voiture-en-bois\/"]}]},{"@type":"ImageObject","inLanguage":"en-US","@id":"https:\/\/yadaoui.com\/en\/shop\/petite-voiture-en-bois\/#primaryimage","url":"https:\/\/yadaoui.com\/wp-content\/uploads\/2019\/12\/wood_creation3_001.jpg","contentUrl":"https:\/\/yadaoui.com\/wp-content\/uploads\/2019\/12\/wood_creation3_001.jpg","width":1280,"height":853},{"@type":"BreadcrumbList","@id":"https:\/\/yadaoui.com\/en\/shop\/petite-voiture-en-bois\/#breadcrumb","itemListElement":[{"@type":"ListItem","position":1,"name":"Home","item":"https:\/\/yadaoui.com\/en\/"},{"@type":"ListItem","position":2,"name":"Boutique","item":"https:\/\/yadaoui.com\/"},{"@type":"ListItem","position":3,"name":"Small car in Wood"}]},{"@type":"WebSite","@id":"https:\/\/yadaoui.com\/en\/#website","url":"https:\/\/yadaoui.com\/en\/","name":"Yadaoui","description":"The Craft of the World in your hand","publisher":{"@id":"https:\/\/yadaoui.com\/en\/#organization"},"alternateName":"yadaoui","potentialAction":[{"@type":"SearchAction","target":{"@type":"EntryPoint","urlTemplate":"https:\/\/yadaoui.com\/en\/?s={search_term_string}"},"query-input":{"@type":"PropertyValueSpecification","valueRequired":true,"valueName":"search_term_string"}}],"inLanguage":"en-US"},{"@type":"Organization","@id":"https:\/\/yadaoui.com\/en\/#organization","name":"Yadaoui","url":"https:\/\/yadaoui.com\/en\/","logo":{"@type":"ImageObject","inLanguage":"en-US","@id":"https:\/\/yadaoui.com\/en\/#\/schema\/logo\/image\/","url":"https:\/\/yadaoui.com\/wp-content\/uploads\/2020\/01\/YADAOUI-3-e1558700766692.png","contentUrl":"https:\/\/yadaoui.com\/wp-content\/uploads\/2020\/01\/YADAOUI-3-e1558700766692.png","width":166,"height":43,"caption":"Yadaoui"},"image":{"@id":"https:\/\/yadaoui.com\/en\/#\/schema\/logo\/image\/"},"sameAs":["https:\/\/www.facebook.com\/Yadaoui1","https:\/\/x.com\/Yadaoui1","https:\/\/www.instagram.com\/yadaoui_official\/","https:\/\/www.youtube.com\/channel\/UCWPcPmNuZp8F4hepKP1JYEA"]}]},"product_brand":"artisanat","product_price_amount":"112.50","product_price_currency":"USD","og_availability":"backorder","product_availability":"available for order","product_retailer_item_id":"Wood_creation_003","product_condition":"new"},"_links":{"self":[{"href":"https:\/\/yadaoui.com\/en\/wp-json\/wp\/v2\/product\/15800","targetHints":{"allow":["GET"]}}],"collection":[{"href":"https:\/\/yadaoui.com\/en\/wp-json\/wp\/v2\/product"}],"about":[{"href":"https:\/\/yadaoui.com\/en\/wp-json\/wp\/v2\/types\/product"}],"replies":[{"embeddable":true,"href":"https:\/\/yadaoui.com\/en\/wp-json\/wp\/v2\/comments?post=15800"}],"wp:featuredmedia":[{"embeddable":true,"href":"https:\/\/yadaoui.com\/en\/wp-json\/wp\/v2\/media\/15018"}],"wp:attachment":[{"href":"https:\/\/yadaoui.com\/en\/wp-json\/wp\/v2\/media?parent=15800"}],"wp:term":[{"taxonomy":"product_brand","embeddable":true,"href":"https:\/\/yadaoui.com\/en\/wp-json\/wp\/v2\/product_brand?post=15800"},{"taxonomy":"product_cat","embeddable":true,"href":"https:\/\/yadaoui.com\/en\/wp-json\/wp\/v2\/product_cat?post=15800"},{"taxonomy":"product_tag","embeddable":true,"href":"https:\/\/yadaoui.com\/en\/wp-json\/wp\/v2\/product_tag?post=15800"}],"curies":[{"name":"wp","href":"https:\/\/api.w.org\/{rel}","templated":true}]}}